{"id":793,"date":"2021-12-17T12:20:05","date_gmt":"2021-12-17T17:20:05","guid":{"rendered":"https:\/\/23dce120f6.nxcli.net\/?page_id=793"},"modified":"2022-04-01T11:58:50","modified_gmt":"2022-04-01T15:58:50","slug":"home","status":"publish","type":"page","link":"https:\/\/set3uk.co.uk\/es\/","title":{"rendered":"Home"},"content":{"rendered":"\n<div class=\"wp-block-cover alignwide caption-left\"><span aria-hidden=\"true\" class=\"wp-block-cover__gradient-background has-background-dim\"><\/span><img loading=\"lazy\" decoding=\"async\" width=\"1170\" height=\"548\" class=\"wp-block-cover__image-background wp-image-27\" alt=\"\" src=\"https:\/\/set3uk.co.uk\/wp-content\/uploads\/2021\/12\/set3-cleaning.jpg\" data-object-fit=\"cover\" srcset=\"https:\/\/set3uk.co.uk\/wp-content\/uploads\/2021\/12\/set3-cleaning.jpg 1170w, https:\/\/set3uk.co.uk\/wp-content\/uploads\/2021\/12\/set3-cleaning-300x141.jpg 300w, https:\/\/set3uk.co.uk\/wp-content\/uploads\/2021\/12\/set3-cleaning-1024x480.jpg 1024w, https:\/\/set3uk.co.uk\/wp-content\/uploads\/2021\/12\/set3-cleaning-768x360.jpg 768w\" sizes=\"auto, (max-width: 1170px) 100vw, 1170px\" \/><div class=\"wp-block-cover__inner-container is-layout-flow wp-block-cover-is-layout-flow\">\n<h1 class=\"alignwide wp-block-heading\" id=\"data-centre-cleaning\">Limpieza de centros de datos<\/h1>\n\n\n\n<p class=\"has-text-align-left has-medium-font-size\">Reduzca el riesgo de parones y errores con nuestros servicios de informes y programas de limpieza antiest\u00e1tica<\/p>\n\n\n\n<p>Nuestros servicios de limpieza especializados se ejecutan mientras su centro de datos est\u00e1 en pleno rendimiento -no es necesario ning\u00fan tipo de par\u00f3n. Nuestros t\u00e9cnicos est\u00e1n formados de forma espec\u00edfica para trabajar en entornos de centros de datos en vivo de acuerdo con los est\u00e1ndares ISO y del sector. SET3 entiende que cada instalaci\u00f3n tiene sus necesidades espec\u00edficas, as\u00ed que personalizamos nuestros servicios para adaptarlos a su empresa.<\/p>\n\n\n\n<div class=\"wp-block-buttons alignwide is-layout-flex wp-block-buttons-is-layout-flex\">\n<div class=\"wp-block-button\"><a class=\"wp-block-button__link has-ast-global-color-5-color has-text-color has-background\" href=\"#colophon\" style=\"background-color:#e84531\">Solicitar presupuesto<\/a><\/div>\n<\/div>\n<\/div><\/div>\n\n\n\n<div class=\"wp-block-genesis-blocks-gb-columns is-desktop-only gb-layout-columns-4 gb-4-col-equal gb-columns-center\"><div class=\"gb-layout-column-wrap gb-block-layout-column-gap-2 gb-is-responsive-column\" style=\"max-width:1170px\">\n<div class=\"wp-block-genesis-blocks-gb-column gb-block-layout-column\"><div class=\"gb-block-layout-column-inner\">\n<figure class=\"wp-block-image size-full is-resized\"><img decoding=\"async\" src=\"https:\/\/set3uk.co.uk\/wp-content\/uploads\/2021\/12\/man-cleaning-data-center.jpg\" alt=\"\" class=\"wp-image-41\" width=\"262\" srcset=\"https:\/\/set3uk.co.uk\/wp-content\/uploads\/2021\/12\/man-cleaning-data-center.jpg 199w, https:\/\/set3uk.co.uk\/wp-content\/uploads\/2021\/12\/man-cleaning-data-center-150x150.jpg 150w\" sizes=\"(max-width: 199px) 100vw, 199px\" \/><\/figure>\n<\/div><\/div>\n\n\n\n<div class=\"wp-block-genesis-blocks-gb-column gb-block-layout-column\"><div class=\"gb-block-layout-column-inner\">\n<figure class=\"wp-block-image size-full is-resized\"><img decoding=\"async\" src=\"https:\/\/set3uk.co.uk\/wp-content\/uploads\/2021\/12\/the-right-chemicals.jpg\" alt=\"\" class=\"wp-image-42\" width=\"262\" srcset=\"https:\/\/set3uk.co.uk\/wp-content\/uploads\/2021\/12\/the-right-chemicals.jpg 199w, https:\/\/set3uk.co.uk\/wp-content\/uploads\/2021\/12\/the-right-chemicals-150x150.jpg 150w\" sizes=\"(max-width: 199px) 100vw, 199px\" \/><\/figure>\n<\/div><\/div>\n\n\n\n<div class=\"wp-block-genesis-blocks-gb-column gb-block-layout-column\"><div class=\"gb-block-layout-column-inner\">\n<figure class=\"wp-block-image size-full is-resized\"><img decoding=\"async\" src=\"https:\/\/set3uk.co.uk\/wp-content\/uploads\/2021\/12\/green-equipment.jpg\" alt=\"\" class=\"wp-image-43\" width=\"262\" srcset=\"https:\/\/set3uk.co.uk\/wp-content\/uploads\/2021\/12\/green-equipment.jpg 199w, https:\/\/set3uk.co.uk\/wp-content\/uploads\/2021\/12\/green-equipment-150x150.jpg 150w\" sizes=\"(max-width: 199px) 100vw, 199px\" \/><\/figure>\n<\/div><\/div>\n\n\n\n<div class=\"wp-block-genesis-blocks-gb-column gb-block-layout-column\"><div class=\"gb-block-layout-column-inner\">\n<figure class=\"wp-block-image size-full is-resized\"><img decoding=\"async\" src=\"https:\/\/set3uk.co.uk\/wp-content\/uploads\/2021\/12\/report.jpg\" alt=\"\" class=\"wp-image-44\" width=\"262\" srcset=\"https:\/\/set3uk.co.uk\/wp-content\/uploads\/2021\/12\/report.jpg 199w, https:\/\/set3uk.co.uk\/wp-content\/uploads\/2021\/12\/report-150x150.jpg 150w\" sizes=\"(max-width: 199px) 100vw, 199px\" \/><\/figure>\n<\/div><\/div>\n<\/div><\/div>\n\n\n\n<div class=\"wp-block-genesis-blocks-gb-columns home-cta gb-layout-columns-4 gb-4-col-equal gb-columns-center\"><div class=\"gb-layout-column-wrap gb-block-layout-column-gap-2 gb-is-responsive-column\" style=\"max-width:1170px\">\n<div class=\"wp-block-genesis-blocks-gb-column gb-block-layout-column\"><div class=\"gb-block-layout-column-inner gb-has-custom-background-color\" style=\"margin-bottom:10px;padding-top:20px;padding-right:10px;padding-bottom:20px;padding-left:10px;background-color:#f7941d\">\n<h3 class=\"has-ast-global-color-5-color has-text-color has-medium-font-size wp-block-heading\" id=\"trained-technicians\"> <strong>T\u00e9cnicos formados<\/strong><\/h3>\n<\/div><\/div>\n\n\n\n<div class=\"wp-block-genesis-blocks-gb-column gb-block-layout-column\"><div class=\"gb-block-layout-column-inner gb-has-custom-background-color\" style=\"margin-bottom:10px;padding-top:20px;padding-right:10px;padding-bottom:20px;padding-left:10px;background-color:#605ca8\">\n<h3 class=\"has-ast-global-color-5-color has-text-color has-medium-font-size wp-block-heading\" id=\"the-right-chemicals\"> Los productos adecuados<\/h3>\n<\/div><\/div>\n\n\n\n<div class=\"wp-block-genesis-blocks-gb-column gb-block-layout-column\"><div class=\"gb-block-layout-column-inner gb-has-custom-background-color\" style=\"margin-bottom:10px;padding-top:20px;padding-right:9px;padding-bottom:20px;padding-left:10px;background-color:#39b54a\">\n<h3 class=\"has-ast-global-color-5-color has-text-color has-medium-font-size wp-block-heading\" id=\"certified-green-equipment\">Equipos con certificaci\u00f3n ecol\u00f3gica<\/h3>\n<\/div><\/div>\n\n\n\n<div class=\"wp-block-genesis-blocks-gb-column gb-block-layout-column\"><div class=\"gb-block-layout-column-inner gb-has-custom-background-color\" style=\"margin-bottom:10px;padding-top:20px;padding-right:10px;padding-bottom:20px;padding-left:10px;background-color:#00aeef\">\n<h3 class=\"has-ast-global-color-5-color has-text-color wp-block-heading\" id=\"free-environmental-reporting\" style=\"font-size:22px\">Informe ecol\u00f3gico gratis<\/h3>\n<\/div><\/div>\n<\/div><\/div>\n\n\n\n<div style=\"height:40px\" aria-hidden=\"true\" class=\"wp-block-spacer\"><\/div>\n\n\n\n<div class=\"wp-block-media-text alignwide has-media-on-the-right is-stacked-on-mobile border-bottom\"><figure class=\"wp-block-media-text__media\"><img loading=\"lazy\" decoding=\"async\" width=\"556\" height=\"370\" src=\"https:\/\/set3uk.co.uk\/wp-content\/uploads\/2021\/12\/why-clean-bg.png\" alt=\"\" class=\"wp-image-50 size-full\" srcset=\"https:\/\/set3uk.co.uk\/wp-content\/uploads\/2021\/12\/why-clean-bg.png 556w, https:\/\/set3uk.co.uk\/wp-content\/uploads\/2021\/12\/why-clean-bg-300x200.png 300w\" sizes=\"auto, (max-width: 556px) 100vw, 556px\" \/><\/figure><div class=\"wp-block-media-text__content\">\n<h2 class=\"wp-block-heading\" id=\"why-do-i-needdata-centre-cleaning\" style=\"font-size:46px\">\u00bfPor qu\u00e9 necesito la<br>limpieza del centro de datos? <\/h2>\n\n\n\n<p>Consiga el horario que necesita sin incurrir en ning\u00fan cargo oculto: SET3 no le cobra m\u00e1s por nocturnidad, fin de semana o vacaciones. Le proporcionamos horarios que se complementan con su calendario, tanto programas anuales como diarios: SET3 tiene la soluci\u00f3n que usted necesita.<\/p>\n\n\n\n<div class=\"wp-block-genesis-blocks-gb-button gb-block-button\"><a href=\"#colophon\" class=\"gb-button gb-button-shape-square gb-button-size-medium\" style=\"color:var(--ast-global-color-5);background-color:#e84531\"> Solicitar presupuesto<\/a><\/div>\n<\/div><\/div>\n\n\n\n<div style=\"height:40px\" aria-hidden=\"true\" class=\"wp-block-spacer\"><\/div>\n\n\n\n<div class=\"wp-block-media-text alignwide is-stacked-on-mobile image-max-40\"><figure class=\"wp-block-media-text__media\"><img loading=\"lazy\" decoding=\"async\" width=\"321\" height=\"322\" src=\"https:\/\/set3uk.co.uk\/wp-content\/uploads\/2021\/12\/man-cleaning-subfloor.jpg\" alt=\"\" class=\"wp-image-52 size-full\" srcset=\"https:\/\/set3uk.co.uk\/wp-content\/uploads\/2021\/12\/man-cleaning-subfloor.jpg 321w, https:\/\/set3uk.co.uk\/wp-content\/uploads\/2021\/12\/man-cleaning-subfloor-300x300.jpg 300w, https:\/\/set3uk.co.uk\/wp-content\/uploads\/2021\/12\/man-cleaning-subfloor-150x150.jpg 150w\" sizes=\"auto, (max-width: 321px) 100vw, 321px\" \/><\/figure><div class=\"wp-block-media-text__content\">\n<h3 class=\"wp-block-heading\" id=\"sub-floor-cleaning\">Limpieza de un contrapiso<\/h3>\n\n\n\n<p>Impida que el polvo y la suciedad no deseados debajo de su suelo elevado contaminen sus equipos de aire acondicionado. Nuestros especialistas aseguran la eliminaci\u00f3n adecuada de todas las part\u00edculas potencialmente da\u00f1inas que crean fallos en el sistema cuya consecuencia es un costoso tiempo de par\u00f3n.<\/p>\n\n\n\n<h3 class=\"wp-block-heading\" id=\"sub-floor-deck-sealing\">Sellado de un suelo de contrapiso<\/h3>\n\n\n\n<p>Impida el atasco, la contaminaci\u00f3n y los da\u00f1os en los equipos causados por la entrada de da\u00f1inas part\u00edculas de polvo de cemento en el sistema de refrigeraci\u00f3n de su contrapiso con un sellado del suelo del contrapiso: el m\u00e9todo m\u00e1s efectivo de protecci\u00f3n disponible.<\/p>\n<\/div><\/div>\n\n\n\n<div class=\"wp-block-media-text alignwide has-media-on-the-right is-stacked-on-mobile image-max-40\"><figure class=\"wp-block-media-text__media\"><img loading=\"lazy\" decoding=\"async\" width=\"321\" height=\"322\" src=\"https:\/\/set3uk.co.uk\/wp-content\/uploads\/2021\/12\/man-waxing-floors.jpg\" alt=\"\" class=\"wp-image-54 size-full\" srcset=\"https:\/\/set3uk.co.uk\/wp-content\/uploads\/2021\/12\/man-waxing-floors.jpg 321w, https:\/\/set3uk.co.uk\/wp-content\/uploads\/2021\/12\/man-waxing-floors-300x300.jpg 300w, https:\/\/set3uk.co.uk\/wp-content\/uploads\/2021\/12\/man-waxing-floors-150x150.jpg 150w\" sizes=\"auto, (max-width: 321px) 100vw, 321px\" \/><\/figure><div class=\"wp-block-media-text__content\">\n<h3 class=\"wp-block-heading\" id=\"data-centre-floor-cleaning\">Limpieza del suelo del centro de datos<\/h3>\n\n\n\n<p>Impida el par\u00f3n de los equipos a causa de la electricidad est\u00e1tica y las part\u00edculas a\u00e9reas. Nuestro personal se especializa en la limpieza antiest\u00e1tica y la restauraci\u00f3n de suelos de acceso, superficies de vinilo compuesto y suelos de descarga electroest\u00e1tica en todos los tipos de centros de datos.<\/p>\n\n\n\n<h3 class=\"wp-block-heading\" id=\"floor-cleaning\">Limpieza del suelo<\/h3>\n\n\n\n<p>Reduzca la ca\u00edda del polvo y la penetraci\u00f3n de contaminantes en el centro de datos. Nuestros especialistas eliminan los contaminantes que sobrevuelan su instalaci\u00f3n con el sistema de filtros especializados de aspiradores HEPA\/ULPA.<\/p>\n<\/div><\/div>\n\n\n\n<div style=\"height:20px\" aria-hidden=\"true\" class=\"wp-block-spacer\"><\/div>\n\n\n\n<div class=\"wp-block-media-text alignwide is-stacked-on-mobile is-vertically-aligned-center image-max-40 has-background\" style=\"background-color:#f8f8f8\"><figure class=\"wp-block-media-text__media\"><img loading=\"lazy\" decoding=\"async\" width=\"321\" height=\"322\" src=\"https:\/\/set3uk.co.uk\/wp-content\/uploads\/2021\/12\/zinc-wiskers.png\" alt=\"\" class=\"wp-image-56 size-full\" srcset=\"https:\/\/set3uk.co.uk\/wp-content\/uploads\/2021\/12\/zinc-wiskers.png 321w, https:\/\/set3uk.co.uk\/wp-content\/uploads\/2021\/12\/zinc-wiskers-300x300.png 300w, https:\/\/set3uk.co.uk\/wp-content\/uploads\/2021\/12\/zinc-wiskers-150x150.png 150w\" sizes=\"auto, (max-width: 321px) 100vw, 321px\" \/><\/figure><div class=\"wp-block-media-text__content\">\n<h3 class=\"wp-block-heading\" id=\"zinc-whisker-remediation\">Eliminaci\u00f3n de cristales de zinc<\/h3>\n\n\n\n<p>Elimine los cristales de zinc y proteja su instalaci\u00f3n de los eventos catacl\u00edsmicos y los tiempos de par\u00f3n que se derivan de esta forma especial de contaminaci\u00f3n. Nuestros servicios identifican y confirman la presencia de zinc, eliminando de forma efectiva la contaminaci\u00f3n sin da\u00f1ar sus equipos o la salud de sus empleados, y asegurando as\u00ed un tiempo h\u00e1bil seguro para su centro de datos.<\/p>\n<\/div><\/div>\n\n\n\n<div style=\"height:20px\" aria-hidden=\"true\" class=\"wp-block-spacer\"><\/div>\n\n\n\n<div class=\"wp-block-media-text alignwide has-media-on-the-right is-stacked-on-mobile is-vertically-aligned-center image-max-40\"><figure class=\"wp-block-media-text__media\"><img loading=\"lazy\" decoding=\"async\" width=\"321\" height=\"322\" src=\"https:\/\/set3uk.co.uk\/wp-content\/uploads\/2021\/12\/man-cleaning-electronics.jpg\" alt=\"\" class=\"wp-image-59 size-full\" srcset=\"https:\/\/set3uk.co.uk\/wp-content\/uploads\/2021\/12\/man-cleaning-electronics.jpg 321w, https:\/\/set3uk.co.uk\/wp-content\/uploads\/2021\/12\/man-cleaning-electronics-300x300.jpg 300w, https:\/\/set3uk.co.uk\/wp-content\/uploads\/2021\/12\/man-cleaning-electronics-150x150.jpg 150w\" sizes=\"auto, (max-width: 321px) 100vw, 321px\" \/><\/figure><div class=\"wp-block-media-text__content\">\n<h3 class=\"has-large-font-size wp-block-heading\" id=\"data-exterior-equipment-cleaning\">Limpieza de equipos exteriores<\/h3>\n\n\n\n<p>Impida el par\u00f3n de los equipos a causa de la electricidad est\u00e1tica y las part\u00edculas a\u00e9reas. Nuestro personal se especializa en la limpieza antiest\u00e1tica y la restauraci\u00f3n de suelos de acceso, superficies de vinilo compuesto y suelos de descarga electroest\u00e1tica en todos los tipos de centros de datos.<\/p>\n\n\n\n<h3 class=\"has-large-font-size wp-block-heading\" id=\"interior-equipment-cleaning\">Limpieza de equipos interiores<\/h3>\n\n\n\n<p>Elimine la contaminaci\u00f3n de servidores, lectores de cintas y otros equipos sensibles en un centro de datos.<\/p>\n\n\n\n<h3 class=\"has-large-font-size wp-block-heading\" id=\"above-ceiling-cleaning\">Limpieza por encima del techo<\/h3>\n\n\n\n<p>Reduzca la ca\u00edda del polvo y la penetraci\u00f3n de contaminantes en el centro de datos. Nuestros especialistas eliminan los contaminantes que sobrevuelan los equipos de sus instalaciones con equipos y protocolos especializados.<\/p>\n<\/div><\/div>\n\n\n\n<div class=\"wp-block-media-text alignwide is-stacked-on-mobile is-vertically-aligned-center image-max-40\"><figure class=\"wp-block-media-text__media\"><img loading=\"lazy\" decoding=\"async\" width=\"321\" height=\"322\" src=\"https:\/\/set3uk.co.uk\/wp-content\/uploads\/2021\/12\/person-pointing-at-bar-graph.jpg\" alt=\"\" class=\"wp-image-64 size-full\" srcset=\"https:\/\/set3uk.co.uk\/wp-content\/uploads\/2021\/12\/person-pointing-at-bar-graph.jpg 321w, https:\/\/set3uk.co.uk\/wp-content\/uploads\/2021\/12\/person-pointing-at-bar-graph-300x300.jpg 300w, https:\/\/set3uk.co.uk\/wp-content\/uploads\/2021\/12\/person-pointing-at-bar-graph-150x150.jpg 150w\" sizes=\"auto, (max-width: 321px) 100vw, 321px\" \/><\/figure><div class=\"wp-block-media-text__content\">\n<h3 class=\"has-large-font-size wp-block-heading\" id=\"environmental-consulting-audits-and-reporting\">Asesor\u00eda medioambiental,<br>auditor\u00edas e informes<\/h3>\n\n\n\n<p>Aseg\u00farese de que su centro de datos est\u00e1 libre de cristales de zinc, metales ferrosos, polvo con carga est\u00e1tica y otros destructivos agentes contaminantes. Inspeccionamos los aires acondicionados, los niveles de flujo de aire (CFD) y realizamos pruebas rigurosas para detectar residuos da\u00f1inos o la presencia de cualquier otro contaminante. Este proceso tiene como resultado una producci\u00f3n de datos de base cr\u00edticos que le permiten medir su centro de datos de forma efectiva. Nuestros programas de consultor\u00eda confirman el cumplimiento de OSHA, la garant\u00eda de equipos y la IAQ (Calidad del aire interior). Dise\u00f1amos planes de monitorizaci\u00f3n medioambiental exhaustivos de acuerdo con las normas ISO y del sector, personalizados para su exclusivo espacio y sus necesidades constantes de mantenimiento.<\/p>\n<\/div><\/div>\n\n\n\n<div class=\"wp-block-media-text alignwide has-media-on-the-right is-stacked-on-mobile is-vertically-aligned-center image-max-40 has-ast-global-color-4-background-color has-background\"><figure class=\"wp-block-media-text__media\"><img loading=\"lazy\" decoding=\"async\" width=\"321\" height=\"322\" src=\"https:\/\/set3uk.co.uk\/wp-content\/uploads\/2021\/12\/woman-in-cleanroom-suit.png\" alt=\"\" class=\"wp-image-61 size-full\" srcset=\"https:\/\/set3uk.co.uk\/wp-content\/uploads\/2021\/12\/woman-in-cleanroom-suit.png 321w, https:\/\/set3uk.co.uk\/wp-content\/uploads\/2021\/12\/woman-in-cleanroom-suit-300x300.png 300w, https:\/\/set3uk.co.uk\/wp-content\/uploads\/2021\/12\/woman-in-cleanroom-suit-150x150.png 150w\" sizes=\"auto, (max-width: 321px) 100vw, 321px\" \/><\/figure><div class=\"wp-block-media-text__content\">\n<h3 class=\"has-large-font-size wp-block-heading\" id=\"disaster-recovery-services\">Servicios de recuperaci\u00f3n de desastres<\/h3>\n\n\n\n<p>Recup\u00e9rese de da\u00f1os causados por el humo, el fuego o el agua, a la vez que le ayudamos a devolver la vida a sus sistemas imprescindibles y restauramos los medios y la inteligibilidad de sus datos. Le proporcionamos servicios para eliminar de forma correcta y r\u00e1pida el agua y el barro, adem\u00e1s de secar sus equipos y suelos y cambiar baldosas, seg\u00fan se d\u00e9 el caso.<\/p>\n<\/div><\/div>\n","protected":false},"excerpt":{"rendered":"<p>Limpieza de un contrapiso Impida que el polvo y la suciedad no deseados debajo de su suelo elevado contaminen sus equipos de aire acondicionado. Nuestros especialistas aseguran la eliminaci\u00f3n adecuada de todas las part\u00edculas potencialmente da\u00f1inas que crean fallos en el sistema cuya consecuencia es un costoso tiempo de par\u00f3n. Sellado de un suelo de &hellip;<\/p>\n<p class=\"read-more\"> <a class=\"\" href=\"https:\/\/set3uk.co.uk\/es\/\"> <span class=\"screen-reader-text\">Home<\/span> Leer m\u00e1s \u00bb<\/a><\/p>\n","protected":false},"author":1,"featured_media":0,"parent":0,"menu_order":0,"comment_status":"closed","ping_status":"closed","template":"","meta":{"site-sidebar-layout":"","site-content-layout":"","ast-main-header-display":"","ast-hfb-above-header-display":"","ast-hfb-below-header-display":"","ast-hfb-mobile-header-display":"","site-post-title":"disabled","ast-breadcrumbs-content":"disabled","ast-featured-img":"","footer-sml-layout":"","theme-transparent-header-meta":"","adv-header-id-meta":"","stick-header-meta":"","header-above-stick-meta":"","header-main-stick-meta":"","header-below-stick-meta":"","footnotes":""},"class_list":["post-793","page","type-page","status-publish","hentry"],"yoast_head":"<!-- This site is optimized with the Yoast SEO plugin v24.2 - https:\/\/yoast.com\/wordpress\/plugins\/seo\/ -->\n<title>Home - Set3 UK<\/title>\n<meta name=\"robots\" content=\"index, follow, max-snippet:-1, max-image-preview:large, max-video-preview:-1\" \/>\n<link rel=\"canonical\" href=\"https:\/\/set3uk.co.uk\/es\/\" \/>\n<meta property=\"og:locale\" content=\"es_ES\" \/>\n<meta property=\"og:type\" content=\"article\" \/>\n<meta property=\"og:title\" content=\"Home - Set3 UK\" \/>\n<meta property=\"og:description\" content=\"Limpieza de un contrapiso Impida que el polvo y la suciedad no deseados debajo de su suelo elevado contaminen sus equipos de aire acondicionado. Nuestros especialistas aseguran la eliminaci\u00f3n adecuada de todas las part\u00edculas potencialmente da\u00f1inas que crean fallos en el sistema cuya consecuencia es un costoso tiempo de par\u00f3n. Sellado de un suelo de &hellip; Home Leer m\u00e1s \u00bb\" \/>\n<meta property=\"og:url\" content=\"https:\/\/set3uk.co.uk\/es\/\" \/>\n<meta property=\"og:site_name\" content=\"Set3 UK\" \/>\n<meta property=\"article:modified_time\" content=\"2022-04-01T15:58:50+00:00\" \/>\n<meta property=\"og:image\" content=\"https:\/\/set3uk.co.uk\/wp-content\/uploads\/2021\/12\/set3-cleaning.jpg\" \/>\n<meta name=\"twitter:card\" content=\"summary_large_image\" \/>\n<meta name=\"twitter:label1\" content=\"Tiempo de lectura\" \/>\n\t<meta name=\"twitter:data1\" content=\"6 minutos\" \/>\n<script type=\"application\/ld+json\" class=\"yoast-schema-graph\">{\"@context\":\"https:\/\/schema.org\",\"@graph\":[{\"@type\":\"WebPage\",\"@id\":\"https:\/\/set3uk.co.uk\/es\/\",\"url\":\"https:\/\/set3uk.co.uk\/es\/\",\"name\":\"Home - Set3 UK\",\"isPartOf\":{\"@id\":\"https:\/\/set3uk.co.uk\/#website\"},\"primaryImageOfPage\":{\"@id\":\"https:\/\/set3uk.co.uk\/es\/#primaryimage\"},\"image\":{\"@id\":\"https:\/\/set3uk.co.uk\/es\/#primaryimage\"},\"thumbnailUrl\":\"https:\/\/set3uk.co.uk\/wp-content\/uploads\/2021\/12\/set3-cleaning.jpg\",\"datePublished\":\"2021-12-17T17:20:05+00:00\",\"dateModified\":\"2022-04-01T15:58:50+00:00\",\"breadcrumb\":{\"@id\":\"https:\/\/set3uk.co.uk\/es\/#breadcrumb\"},\"inLanguage\":\"es\",\"potentialAction\":[{\"@type\":\"ReadAction\",\"target\":[\"https:\/\/set3uk.co.uk\/es\/\"]}]},{\"@type\":\"ImageObject\",\"inLanguage\":\"es\",\"@id\":\"https:\/\/set3uk.co.uk\/es\/#primaryimage\",\"url\":\"https:\/\/set3uk.co.uk\/wp-content\/uploads\/2021\/12\/set3-cleaning.jpg\",\"contentUrl\":\"https:\/\/set3uk.co.uk\/wp-content\/uploads\/2021\/12\/set3-cleaning.jpg\"},{\"@type\":\"BreadcrumbList\",\"@id\":\"https:\/\/set3uk.co.uk\/es\/#breadcrumb\",\"itemListElement\":[{\"@type\":\"ListItem\",\"position\":1,\"name\":\"Home\",\"item\":\"https:\/\/set3uk.co.uk\/es\/\"},{\"@type\":\"ListItem\",\"position\":2,\"name\":\"Home\"}]},{\"@type\":\"WebSite\",\"@id\":\"https:\/\/set3uk.co.uk\/#website\",\"url\":\"https:\/\/set3uk.co.uk\/\",\"name\":\"Set3 UK\",\"description\":\"The Science of Clean\",\"publisher\":{\"@id\":\"https:\/\/set3uk.co.uk\/#organization\"},\"potentialAction\":[{\"@type\":\"SearchAction\",\"target\":{\"@type\":\"EntryPoint\",\"urlTemplate\":\"https:\/\/set3uk.co.uk\/?s={search_term_string}\"},\"query-input\":{\"@type\":\"PropertyValueSpecification\",\"valueRequired\":true,\"valueName\":\"search_term_string\"}}],\"inLanguage\":\"es\"},{\"@type\":\"Organization\",\"@id\":\"https:\/\/set3uk.co.uk\/#organization\",\"name\":\"Set3 UK\",\"url\":\"https:\/\/set3uk.co.uk\/\",\"logo\":{\"@type\":\"ImageObject\",\"inLanguage\":\"es\",\"@id\":\"https:\/\/set3uk.co.uk\/#\/schema\/logo\/image\/\",\"url\":\"https:\/\/set3uk.co.uk\/wp-content\/uploads\/2021\/12\/logo-out.png\",\"contentUrl\":\"https:\/\/set3uk.co.uk\/wp-content\/uploads\/2021\/12\/logo-out.png\",\"width\":200,\"height\":45,\"caption\":\"Set3 UK\"},\"image\":{\"@id\":\"https:\/\/set3uk.co.uk\/#\/schema\/logo\/image\/\"}}]}<\/script>\n<!-- \/ Yoast SEO plugin. -->","yoast_head_json":{"title":"Home - Set3 UK","robots":{"index":"index","follow":"follow","max-snippet":"max-snippet:-1","max-image-preview":"max-image-preview:large","max-video-preview":"max-video-preview:-1"},"canonical":"https:\/\/set3uk.co.uk\/es\/","og_locale":"es_ES","og_type":"article","og_title":"Home - Set3 UK","og_description":"Limpieza de un contrapiso Impida que el polvo y la suciedad no deseados debajo de su suelo elevado contaminen sus equipos de aire acondicionado. Nuestros especialistas aseguran la eliminaci\u00f3n adecuada de todas las part\u00edculas potencialmente da\u00f1inas que crean fallos en el sistema cuya consecuencia es un costoso tiempo de par\u00f3n. Sellado de un suelo de &hellip; Home Leer m\u00e1s \u00bb","og_url":"https:\/\/set3uk.co.uk\/es\/","og_site_name":"Set3 UK","article_modified_time":"2022-04-01T15:58:50+00:00","og_image":[{"url":"https:\/\/set3uk.co.uk\/wp-content\/uploads\/2021\/12\/set3-cleaning.jpg","type":"","width":"","height":""}],"twitter_card":"summary_large_image","twitter_misc":{"Tiempo de lectura":"6 minutos"},"schema":{"@context":"https:\/\/schema.org","@graph":[{"@type":"WebPage","@id":"https:\/\/set3uk.co.uk\/es\/","url":"https:\/\/set3uk.co.uk\/es\/","name":"Home - Set3 UK","isPartOf":{"@id":"https:\/\/set3uk.co.uk\/#website"},"primaryImageOfPage":{"@id":"https:\/\/set3uk.co.uk\/es\/#primaryimage"},"image":{"@id":"https:\/\/set3uk.co.uk\/es\/#primaryimage"},"thumbnailUrl":"https:\/\/set3uk.co.uk\/wp-content\/uploads\/2021\/12\/set3-cleaning.jpg","datePublished":"2021-12-17T17:20:05+00:00","dateModified":"2022-04-01T15:58:50+00:00","breadcrumb":{"@id":"https:\/\/set3uk.co.uk\/es\/#breadcrumb"},"inLanguage":"es","potentialAction":[{"@type":"ReadAction","target":["https:\/\/set3uk.co.uk\/es\/"]}]},{"@type":"ImageObject","inLanguage":"es","@id":"https:\/\/set3uk.co.uk\/es\/#primaryimage","url":"https:\/\/set3uk.co.uk\/wp-content\/uploads\/2021\/12\/set3-cleaning.jpg","contentUrl":"https:\/\/set3uk.co.uk\/wp-content\/uploads\/2021\/12\/set3-cleaning.jpg"},{"@type":"BreadcrumbList","@id":"https:\/\/set3uk.co.uk\/es\/#breadcrumb","itemListElement":[{"@type":"ListItem","position":1,"name":"Home","item":"https:\/\/set3uk.co.uk\/es\/"},{"@type":"ListItem","position":2,"name":"Home"}]},{"@type":"WebSite","@id":"https:\/\/set3uk.co.uk\/#website","url":"https:\/\/set3uk.co.uk\/","name":"Set3 UK","description":"The Science of Clean","publisher":{"@id":"https:\/\/set3uk.co.uk\/#organization"},"potentialAction":[{"@type":"SearchAction","target":{"@type":"EntryPoint","urlTemplate":"https:\/\/set3uk.co.uk\/?s={search_term_string}"},"query-input":{"@type":"PropertyValueSpecification","valueRequired":true,"valueName":"search_term_string"}}],"inLanguage":"es"},{"@type":"Organization","@id":"https:\/\/set3uk.co.uk\/#organization","name":"Set3 UK","url":"https:\/\/set3uk.co.uk\/","logo":{"@type":"ImageObject","inLanguage":"es","@id":"https:\/\/set3uk.co.uk\/#\/schema\/logo\/image\/","url":"https:\/\/set3uk.co.uk\/wp-content\/uploads\/2021\/12\/logo-out.png","contentUrl":"https:\/\/set3uk.co.uk\/wp-content\/uploads\/2021\/12\/logo-out.png","width":200,"height":45,"caption":"Set3 UK"},"image":{"@id":"https:\/\/set3uk.co.uk\/#\/schema\/logo\/image\/"}}]}},"featured_image_src":null,"featured_image_src_square":null,"_links":{"self":[{"href":"https:\/\/set3uk.co.uk\/es\/wp-json\/wp\/v2\/pages\/793","targetHints":{"allow":["GET"]}}],"collection":[{"href":"https:\/\/set3uk.co.uk\/es\/wp-json\/wp\/v2\/pages"}],"about":[{"href":"https:\/\/set3uk.co.uk\/es\/wp-json\/wp\/v2\/types\/page"}],"author":[{"embeddable":true,"href":"https:\/\/set3uk.co.uk\/es\/wp-json\/wp\/v2\/users\/1"}],"replies":[{"embeddable":true,"href":"https:\/\/set3uk.co.uk\/es\/wp-json\/wp\/v2\/comments?post=793"}],"version-history":[{"count":4,"href":"https:\/\/set3uk.co.uk\/es\/wp-json\/wp\/v2\/pages\/793\/revisions"}],"predecessor-version":[{"id":807,"href":"https:\/\/set3uk.co.uk\/es\/wp-json\/wp\/v2\/pages\/793\/revisions\/807"}],"wp:attachment":[{"href":"https:\/\/set3uk.co.uk\/es\/wp-json\/wp\/v2\/media?parent=793"}],"curies":[{"name":"wp","href":"https:\/\/api.w.org\/{rel}","templated":true}]}}